{"id":4371,"date":"2021-03-14T14:13:44","date_gmt":"2021-03-14T13:13:44","guid":{"rendered":"https:\/\/albus.rs\/albus-ad-policy-on-cookies\/"},"modified":"2021-03-14T14:15:25","modified_gmt":"2021-03-14T13:15:25","slug":"albus-ad-policy-on-cookies","status":"publish","type":"page","link":"https:\/\/albus.rs\/en\/albus-ad-policy-on-cookies\/","title":{"rendered":"ALBUS AD POLICY ON COOKIES"},"content":{"rendered":"<p><div class=\"fusion-fullwidth fullwidth-box fusion-builder-row-1 fusion-flex-container nonhundred-percent-fullwidth non-hundred-percent-height-scrolling\" style=\"--awb-border-radius-top-left:0px;--awb-border-radius-top-right:0px;--awb-border-radius-bottom-right:0px;--awb-border-radius-bottom-left:0px;--awb-padding-top:3%;--awb-padding-bottom:3%;--awb-margin-top:80px;--awb-flex-wrap:wrap;\" ><div class=\"fusion-builder-row fusion-row fusion-flex-align-items-flex-start fusion-flex-content-wrap\" style=\"max-width:1443.75px;margin-left: calc(-5% \/ 2 );margin-right: calc(-5% \/ 2 );\"><div class=\"fusion-layout-column fusion_builder_column fusion-builder-column-0 fusion_builder_column_1_1 1_1 fusion-flex-column\" style=\"--awb-bg-size:cover;--awb-width-large:100%;--awb-margin-top-large:0px;--awb-spacing-right-large:2.375%;--awb-margin-bottom-large:20px;--awb-spacing-left-large:2.375%;--awb-width-medium:100%;--awb-order-medium:0;--awb-spacing-right-medium:2.375%;--awb-spacing-left-medium:2.375%;--awb-width-small:100%;--awb-order-small:0;--awb-spacing-right-small:2.375%;--awb-spacing-left-small:2.375%;\"><div class=\"fusion-column-wrapper fusion-column-has-shadow fusion-flex-justify-content-flex-start fusion-content-layout-column\"><div class=\"fusion-title title fusion-title-1 fusion-sep-none fusion-title-center fusion-title-text fusion-title-size-one\" style=\"--awb-text-color:#0057b8;\"><h1 class=\"fusion-title-heading title-heading-center fusion-responsive-typography-calculated\" style=\"margin:0;--fontSize:64;line-height:1.3;\">ALBUS AD POLICY ON COOKIES<\/h1><\/div><\/div><\/div><\/div><\/div><div class=\"fusion-fullwidth fullwidth-box fusion-builder-row-2 fusion-flex-container nonhundred-percent-fullwidth non-hundred-percent-height-scrolling\" style=\"--awb-border-radius-top-left:0px;--awb-border-radius-top-right:0px;--awb-border-radius-bottom-right:0px;--awb-border-radius-bottom-left:0px;--awb-margin-bottom:40px;--awb-flex-wrap:wrap;\" ><div class=\"fusion-builder-row fusion-row fusion-flex-align-items-flex-start fusion-flex-content-wrap\" style=\"max-width:1443.75px;margin-left: calc(-5% \/ 2 );margin-right: calc(-5% \/ 2 );\"><div class=\"fusion-layout-column fusion_builder_column fusion-builder-column-1 fusion_builder_column_1_1 1_1 fusion-flex-column\" style=\"--awb-bg-size:cover;--awb-width-large:100%;--awb-margin-top-large:0px;--awb-spacing-right-large:2.375%;--awb-margin-bottom-large:20px;--awb-spacing-left-large:2.375%;--awb-width-medium:100%;--awb-order-medium:0;--awb-spacing-right-medium:2.375%;--awb-spacing-left-medium:2.375%;--awb-width-small:100%;--awb-order-small:0;--awb-spacing-right-small:2.375%;--awb-spacing-left-small:2.375%;\"><div class=\"fusion-column-wrapper fusion-column-has-shadow fusion-flex-justify-content-flex-start fusion-content-layout-column\"><div class=\"fusion-text fusion-text-1\"><div class=\"td-page-content\">\n<p>Kompanija ALBUS A.D, u cilju za\u0161tite Va\u0161ih li\u010dnih podataka, a saglasno odredbama Zakona o o za\u0161titi podataka o li\u010dnosti (Sl.glasnik RS br, 87\/2018.) usvojila je Politiku privatnosti i za\u0161tite li\u010dnih podataka (<a href=\"https:\/\/albus.rs\/en\/privacy-policy-and-personal-data-protection\/\">Politika privatnosti<\/a>), kao i ovu Politiku o kola\u010di\u0107ima i odgovorna je<\/p>\n<p>za obradu podataka kao \u0161to je opisano u ovoj politici o kola\u010di\u0107ima.<\/p>\n<p>Kompanija na svojoj veb stranici i aplikacijama koristi <a href=\"https:\/\/albus.rs\/pregled-kolacica\/\">kola\u010di\u0107e<\/a>. S obzirom da \u017eelimo da za\u0161titimo va\u0161 privatni \u017eivot i omogu\u0107imo lak\u0161e pretra\u017eivanje na\u0161e veb stranice i aplikacija, mislimo da je va\u017eno da znate kako i za\u0161to koristimo kola\u010di\u0107e.<\/p>\n<p><strong>Kola\u010di\u0107i <\/strong>su male tekstualne datoteke koje va\u0161 ra\u010dunar ili mobilni telefon skladi\u0161ti kada pretra\u017eujete neku od na\u0161ih veb stranica ili aplikacija.<\/p>\n<p><strong>Druge tehnike<\/strong>: JavaScripts i veb svetionici, su standardne internet tehnike koje, sa kola\u010di\u0107ima, omogu\u0107avaju sistemima da sakupljaju informacije (JavaScripts), da ih skladi\u0161te u male tekstualne datoteke (kola\u010di\u0107i) i da ih onda \u0161alju (veb svetionici).<\/p>\n<p>Kola\u010di\u0107i i druge tehnike se koriste na gotovo svim postoje\u0107im veb stranicama i aplikacijama.<\/p>\n<p>Kori\u0161\u0107enje kola\u010di\u0107a nam omogu\u0107ava, na primer:<\/p>\n<ul>\n<li>Da vam pretra\u017eivanje na\u0161e veb stranica i aplikacija bude prijatnije i lak\u0161e;<\/li>\n<li>Da ne dobijate ili da ne morate uvek da unosite iste podatke kada pose\u0107ujete na\u0161e veb stranice i aplikacije;<\/li>\n<li>Da vam ponudimo posebne funkcije kao \u0161to je \u2018spisak kupovina preko interneta\u2019;<\/li>\n<li>Da utvrdimo kako se na\u0161e veb stranice i aplikacije koriste i koje delove treba unaprediti;<\/li>\n<li>Da vam poka\u017eemo oglase za koje mislimo da vas mogu interesovati;<\/li>\n<li>Da registrujemo u\u010destalost slanja oglasa radi boljeg prilago\u0111avanja va\u0161im potrebama i interesovanjima i da ne vi\u0111ate pre\u010desto isti oglas.<\/li>\n<\/ul>\n<p><strong>Samo uz va\u0161u prethodnu saglasnost<\/strong> stavljamo kola\u010di\u0107e i upotrebljavamo druge tehnologije za koje je takva saglasnost zakonom predvi\u0111ena, kao \u0161to je slu\u010daj za dru\u0161tvene medije, reklamiranje i personalizaciju. Sami odlu\u010dujete da li \u0107ete prihvatiti ili odbiti kola\u010di\u0107e. U svakom trenutku mo\u017eete i povu\u0107i saglasnost za kori\u0161\u0107enje kola\u010di\u0107a.<\/p>\n<p><strong>Ako \u017eelite da ne primate kola\u010di\u0107e<\/strong>, mo\u017eete podesiti parametre na Internet pretra\u017eiva\u010du i u potpunosti blokirati kori\u0161\u0107enje kola\u010di\u0107a. Neke funkcije tada prestaju da rade, kao \u0161to je naru\u010divanje preko interneta. Uvek mo\u017eete pogledati veb stranicu ako vas interesuju informacije o na\u0161im promocijama i proizvodima. Mo\u017eete podesiti i parametre internet pretra\u017eiva\u010da tako da vas obavesti kada se postavi neki kola\u010di\u0107.<\/p>\n<p><strong>Kola\u010di\u0107i tre\u0107e strane<\/strong> se tako\u0111e postavljaju na na\u0161e veb stranice i aplikacije. Kola\u010di\u0107e mogu da koriste druge kompanije pod uslovima odre\u0111enim politikom o poverljivosti i o kola\u010di\u0107ima tih kompanija.<\/p>\n<p><strong>Na na\u0161oj stranici i aplikacijama i preko njih, koriste se slede\u0107i kola\u0107i\u0107i:<\/strong><\/p>\n<p><strong>Funkcionalni kola\u010di\u0107i, koji <\/strong> obezbe\u0111uju pravilan rad na\u0161ih veb stranica i aplikacija (naprimer. opcije \u2018prijava\u2019 i \u2018kupovina preko interneta\u2019. I koji poma\u017eu veb stranicama i aplikacijama na\u0161e kompanije da pravilno funkcioni\u0161u. Ti kola\u010di\u0107i omogu\u0107avaju, izme\u0111u ostalog:<\/p>\n<ul>\n<li>Da se memori\u0161u i sa\u010duvaju proizvodi koje dodajete na spisak kupovina preko interneta;<\/li>\n<li>Da budete obave\u0161teni o nezavr\u0161enoj porud\u017ebini kako ne biste izgubili spisak proizvoda koje treba kupiti;<\/li>\n<li>Da se memori\u0161u informacije koje unosite na razli\u010ditim stranicama prilikom pla\u0107anja ili poru\u010divanja, kao da ste povezani na mre\u017eu, tako da ne morate ponovo da unosite sve svoje podatke;<\/li>\n<li>Da mo\u017eete bezbedno da kupujete na veb stranicama i aplikacijama na\u0161e kompanije;<\/li>\n<li>Da se registruju pode\u0161avanja koja odaberete, kao \u0161to su jezik, lokacija i \u017eeljeni broj rezultata pretrage koji se prikazuju;<\/li>\n<li>Parametri va\u0161eg pretra\u017eiva\u010da se registruju kako bi se na\u0161e veb stranice prikazale na va\u0161em ekranu na najbolji na\u010din;<\/li>\n<li>Imate mogu\u0107nost da registrujete svoje podatke za pristup da ih ne biste unosili svaki put;<\/li>\n<li>Da se omogu\u0107i odgovaranje na poruke na na\u0161im veb stranicama i aplikacijama;<\/li>\n<li>Da se veb stranice i aplikacije ravnomerno u\u010ditavaju tako da ostanu funkcionalne i dostupne;<\/li>\n<li>Da je mogu\u0107e otkriti zloupotrebe ili potencijalne probleme na na\u0161im veb stranicama, aplikacijama i uslugama, na primer registrovanjem odre\u0111enog broja uzastopnih neuspelih poku\u0161aja pristupa.<\/li>\n<\/ul>\n<p>Nije potrebna nikakva dozvola za kori\u0161\u0107enje funkcionalnih ili neophodnih kola\u010di\u0107a koji nemaju uticaja ili imaju ograni\u010deni uticaj na va\u0161 privatni \u017eivot. Prema tome, kola\u010di\u0107i se ne mogu deaktivirati.<br \/>\nAnaliti\u010dki kola\u010di\u0107i: Preko analiti\u010dkih kola\u010di\u0107a prikupljamo statistiku korisnika na na\u0161im veb stranicama i aplikacijama. Merenjem kori\u0161\u0107enja veb stranice mo\u017eemo nastaviti unapre\u0111ivanje za dobrobit na\u0161ih korisnika.<\/p>\n<p>Koristimo Google Analytics radi utvr\u0111ivanja statisti\u010dkih podataka o pose\u0107ivanju na\u0161e veb stranice i na\u0161ih aplikacija. Time se bavi namenski veb analiti\u010dki sistem.<\/p>\n<p>Preko kola\u010di\u0107a se u veb analiti\u010dkom sistemu skladi\u0161te, izme\u0111u ostalog, slede\u0107i podaci:<\/p>\n<ul>\n<li>IP adresa (\u010diji se poslednji skup brojeva ne vidi);<\/li>\n<li>Tehni\u010dke karakteristike kao \u0161to je pretra\u017eiva\u010d koji koristite (recimo Chrome, Internet Explorer ili Firefox) i rezolucija ekrana va\u0161eg ra\u010dunara;<\/li>\n<li>Sa koje stranice ste stigli na veb stranicu na\u0161e kompanije;<\/li>\n<li>Kad i koliko dugo koristite veb stranicu i\/ili aplikacije na\u0161e kompanije;<\/li>\n<li>Ako koristite opcije veb stranice ili aplikacija. Na primer, kada napravite spisak proizvoda koje treba kupiti, kada pravite porud\u017ebinu preko interneta ili pregledate ranije kupovine;<\/li>\n<li>Koje stranice pose\u0107ujete na na\u0161oj stranici i koje aplikacije;<\/li>\n<li>Va\u0161a interakcija sa proizvodima koje na\u0161a kompanija nudi i ponu\u0111ene promocije;<\/li>\n<li>Va\u0161a pretra\u017eivanja, uklju\u010duju\u0107i rezultate tih pretra\u017eivanja i etape koje ste pre\u0161li u postupku poru\u010divanja;<\/li>\n<li>Va\u0161e transakcije;<\/li>\n<li>Jedinstveni identifikatori, kao \u0161to je jedinstveni ID posetioca koji se dodeljuje va\u0161em ure\u0111aju kada pose\u0107ujete na\u0161e veb stranice, transakcioni ID u ta\u010dkicama i ID \u010dlana u ta\u010dkicama.<\/li>\n<\/ul>\n<p>Kola\u010di\u0107i slu\u017ee:<\/p>\n<ul>\n<li>Pra\u0107enju broja posetilaca na na\u0161im veb stranicama i aplikacijama;<\/li>\n<li>Merenju vremena koje svaki posetilac provede na na\u0161im veb stranicama i aplikacijama;<\/li>\n<li>Odre\u0111ivanju redosleda kojim posetilac pose\u0107uje razli\u010dite stranice na\u0161ih veb stranica i aplikacija;<\/li>\n<li>Odre\u0111ivanju delova na\u0161ih veb stranica i aplikacija koje treba personalizovati;<\/li>\n<li>Optimizovanju na\u0161ih veb stranica i aplikacija uop\u0161te.<\/li>\n<\/ul>\n<p><strong>Kola\u010di\u0107i dru\u0161tvenih medija<\/strong> su kola\u010di\u0107i koji omogu\u0107avaju kori\u0161\u0107enje odre\u0111enih funkcija na veb stranicama dru\u0161tvenih medija. Na primer, Google mapa sa interaktivnim rutama puta, dugme \u201clike\u201d na mre\u017ei Facebook ili razmena informacija, kao i deljenje recepata ili gledanje video sadr\u017eaja preko dru\u0161tvenih medija.<\/p>\n<p>Koristimo kola\u010di\u0107e dru\u0161tvenih medija u nekim delovima veb stranice i aplikacija. Na primer, Google mapa sa interaktivnim rutama, dugme \u201clike\u201d na mre\u017ei Facebook ili mogu\u0107nost deljenja informacija poput recepata ili video sadr\u017eaja preko dru\u0161tvenih medija (Pinterest, Facebook, Twitter, Google+, Linkedin, Youtube).<\/p>\n<p><strong>Kako funkcioni\u0161u dru\u0161tveni mediji i kola\u010di\u0107i?<\/strong><\/p>\n<p>Kada kliknete na dugme za dru\u0161tvene medije na na\u0161oj veb stranici ili aplikacijama, postavlja se kola\u010di\u0107 dru\u0161tvenih medija. Dru\u0161tveni medij mo\u017ee prepoznati va\u0161u IP adresu kada \u017eelite da podelite ne\u0161to sa na\u0161e veb stranice ili aplikacija ili neki video sadr\u017eaj. Za kola\u010di\u0107e koje postavljaju dru\u0161tveni mediji i podatke koje na taj na\u010din sakupljaju, u izjavama upu\u0107ujemo na ono \u0161to te strane rade na sopstvenim veb stranama po tom pitanju.<\/p>\n<p>Preporu\u010dujemo vam da redovno pratite dolenavedene izjave o poverljivosti i kola\u010di\u0107e:<\/p>\n<ul>\n<li><a href=\"https:\/\/www.facebook.com\/help\/cookies\">Facebook<\/a><\/li>\n<li><a href=\"http:\/\/www.google.com\/intl\/nl\/policies\/privacy\/\">Google+ \/ YouTube<\/a><\/li>\n<li><a href=\"https:\/\/www.instagram.com\/about\/legal\/privacy\/\">Instagram<\/a><\/li>\n<li><a href=\"https:\/\/www.linkedin.com\/legal\/privacy-policy\">LinkedIn<\/a><\/li>\n<li><a href=\"https:\/\/about.pinterest.com\/en\/privacy-policy\">Pinterest<\/a><\/li>\n<li><a href=\"https:\/\/twitter.com\/privacy?lang=en\">Twitter<\/a><\/li>\n<\/ul>\n<p><strong>Reklamni kola\u010di\u0107i<\/strong> nam omogu\u0107avaju da sa\u010duvamo trag o broju i vrsti reklama kompanije Delhaize i\/ili tre\u0107ih lica koje ste videli, a koje postoje na na\u0161im stranicama i aplikacijama. To \u010dinimo da bismo vam dali \u0161to relevantnije ponude. To uklju\u010duje reklame u na\u0161im aplikacijama i spoljnim veb stranicama.<\/p>\n<p>Na na\u0161im veb stranicama i aplikacijama mo\u017eete videti reklame. Reklame postavljamo i na spoljnim stranicama i aplikacijama. Ve\u0107ina reklama skladi\u0161ti kola\u010di\u0107e. Oglasi ostaju na taj na\u010din relevantni za vas.<\/p>\n<p>Na primer, mo\u017eemo pratiti u\u010destalost pregleda nekog reklamnog oglasa. Reklame postavljamo mi i, u nekim slu\u010dajevima, tre\u0107a lica na na\u0161im veb stranama i aplikacijama.<\/p>\n<p>Reklamni kola\u010di\u0107i nam omogu\u0107avaju:<\/p>\n<ul>\n<li>Da pratimo oglase koje ste ve\u0107 videli;<\/li>\n<li>Da spre\u010dimo da uvek vidite istu stvar;<\/li>\n<li>Da vr\u0161imo pra\u0107enje ako kliknete na oglase;<\/li>\n<li>Da znamo da li poru\u010dujete kada vidite ili kliknete na neki oglas;<\/li>\n<li>Da utvrdimo (tra\u017eimo utvr\u0111ivanje) segmente zasnovane na podacima;<\/li>\n<li>Da koristimo na\u0161u veb stranicu ili aplikacije da vam poka\u017eemo reklame i ponude tre\u0107ih lica u zavisnosti od va\u0161ih interesovanja i karakteristika;<\/li>\n<li>Da koristimo usluge tre\u0107ih lica da bismo vam prikazali reklame;<\/li>\n<li>Da vam poka\u017eemo relevantnije oglase u zavisnosti od toga da li koristite dru\u0161tvene medije.<\/li>\n<\/ul>\n<p>Osim na\u0161e kompanije, I drugi subjekti, kao \u0161to su medijske agencije i reklamne mre\u017ee koje postavljaju reklame, odnosno reklamne kola\u010di\u0107e na veb stranice i aplikacije na\u0161e kompanije Delhaize. Reklamne mre\u017ee i medijske agencije su posrednici izme\u0111u vlasnika veb stranica i aplikacija i ogla\u0161iva\u010da. Za kola\u010di\u0107e koje te strane postavljaju u reklamne svrhe, molimo da pogledate izjave na veb stranicama tih strana. S obzirom da se izjave mogu \u010desto menjati, preporu\u010dujemo vam da redovno pratite te izjave o privatnom \u017eivotu i kola\u010di\u0107ima.Tako\u0111e, na\u0161a kompanija postavlja reklame na spoljnim veb stranicama i u aplikacijama tre\u0107ih lica.<\/p>\n<p><strong>Reklamni kola\u010di\u0107i nam omogu\u0107avaju:<\/strong><\/p>\n<ul>\n<li>Da pratimo broj posetilaca koji kliknu na oglas;<\/li>\n<li>Da pratimo koliko porud\u017ebina je obavljeno preko oglasa;<\/li>\n<li>Da sa\u010duvamo trag o vrednosti porud\u017ebine koju ste napravili preko oglasa;<\/li>\n<li>Da pratimo va\u0161e omiljene proizvode.<\/li>\n<\/ul>\n<ul>\n<li>Da koristimo te informacije kako bismo omogu\u0107ili tre\u0107im licima da koriste reklame.<\/li>\n<\/ul>\n<p><strong>Parametri:<\/strong> Aplikacije skladi\u0161te informacije na va\u0161em mobilnom telefonu ili tabletu. Sami u\u010ditavate aplikaciju na telefon ili tablet i ona radi na va\u0161em ure\u0111aju (ne morate da pose\u0107ujete neku odre\u0111enu veb stranicu). Ne mo\u017eete promeniti parametre tako da aplikacija radi bez kola\u010di\u0107a, skladi\u0161tenja i o\u010ditavanja podataka. Me\u0111utim, samo jednom vam tra\u017eimo dozvolu kada se podaci sa va\u0161e aplikacije \u0161alju na\u0161oj kompaniji. Mo\u017eete odbiti da nam je date. Iz tog razloga neke funkcije aplikacija ne\u0107e raditi uop\u0161te ili ne\u0107e raditi pravilno. Na primer, ne\u0107ete mo\u0107i da sinhronizujete spisak proizvoda koje treba kupiti izme\u0111u va\u0161eg naloga na stranici i naloga na aplikacijama. Ako izbri\u0161ete aplikacije sa ure\u0111aja, bi\u0107e izbrisani i podaci uskladi\u0161teni na va\u0161em ure\u0111aju.<\/p>\n<p>Maksimalni rok \u010duvanja podataka: do 36 meseci. Pravni osnov: \u010clan 12. stav 1. ta\u010dka 6. i \u010dlan 5 stav 1 ta\u010dka 5. Zakona o li\u010dnim podacima.<\/p>\n<p>Za dodatne informacije o na\u010dinu na koji Kompanija ALBUS obra\u0111uje va\u0161e podatke, pro\u010ditajte na\u0161u <a href=\"https:\/\/albus.rs\/en\/privacy-policy-and-personal-data-protection\/\">Politiku privatnosti<\/a>.<\/p>\n<p>Za sva Va\u0161a pitanja koja se odnose na kori\u0161\u0107enje kola\u0107i\u0107a mo\u017eete se obratiti slu\u017ebi za odnos sa potro\u0161a\u010dima kompanije Albus na adresu _____________________.<\/p>\n<\/div>\n<\/div><\/div><\/div><\/div><\/div><\/p>\n","protected":false},"excerpt":{"rendered":"","protected":false},"author":1,"featured_media":0,"parent":0,"menu_order":0,"comment_status":"closed","ping_status":"closed","template":"100-width.php","meta":{"footnotes":""},"class_list":["post-4371","page","type-page","status-publish","hentry"],"yoast_head":"<!-- This site is optimized with the Yoast SEO plugin v21.3 - https:\/\/yoast.com\/wordpress\/plugins\/seo\/ -->\n<title>ALBUS AD POLICY ON COOKIES - Albus<\/title>\n<meta name=\"robots\" content=\"index, follow, max-snippet:-1, max-image-preview:large, max-video-preview:-1\" \/>\n<link rel=\"canonical\" href=\"https:\/\/albus.rs\/en\/albus-ad-policy-on-cookies\/\" \/>\n<meta property=\"og:locale\" content=\"en_US\" \/>\n<meta property=\"og:type\" content=\"article\" \/>\n<meta property=\"og:title\" content=\"ALBUS AD POLICY ON COOKIES - Albus\" \/>\n<meta property=\"og:url\" content=\"https:\/\/albus.rs\/en\/albus-ad-policy-on-cookies\/\" \/>\n<meta property=\"og:site_name\" content=\"Albus\" \/>\n<meta property=\"article:publisher\" content=\"https:\/\/www.facebook.com\/AlbusSrbija\/\" \/>\n<meta property=\"article:modified_time\" content=\"2021-03-14T13:15:25+00:00\" \/>\n<meta name=\"twitter:card\" content=\"summary_large_image\" \/>\n<meta name=\"twitter:label1\" content=\"Est. reading time\" \/>\n\t<meta name=\"twitter:data1\" content=\"16 minutes\" \/>\n<script type=\"application\/ld+json\" class=\"yoast-schema-graph\">{\"@context\":\"https:\/\/schema.org\",\"@graph\":[{\"@type\":\"WebPage\",\"@id\":\"https:\/\/albus.rs\/en\/albus-ad-policy-on-cookies\/\",\"url\":\"https:\/\/albus.rs\/en\/albus-ad-policy-on-cookies\/\",\"name\":\"ALBUS AD POLICY ON COOKIES - Albus\",\"isPartOf\":{\"@id\":\"https:\/\/albus.rs\/en\/#website\"},\"datePublished\":\"2021-03-14T13:13:44+00:00\",\"dateModified\":\"2021-03-14T13:15:25+00:00\",\"breadcrumb\":{\"@id\":\"https:\/\/albus.rs\/en\/albus-ad-policy-on-cookies\/#breadcrumb\"},\"inLanguage\":\"en-US\",\"potentialAction\":[{\"@type\":\"ReadAction\",\"target\":[\"https:\/\/albus.rs\/en\/albus-ad-policy-on-cookies\/\"]}]},{\"@type\":\"BreadcrumbList\",\"@id\":\"https:\/\/albus.rs\/en\/albus-ad-policy-on-cookies\/#breadcrumb\",\"itemListElement\":[{\"@type\":\"ListItem\",\"position\":1,\"name\":\"Home\",\"item\":\"https:\/\/albus.rs\/en\/\"},{\"@type\":\"ListItem\",\"position\":2,\"name\":\"ALBUS AD POLICY ON COOKIES\"}]},{\"@type\":\"WebSite\",\"@id\":\"https:\/\/albus.rs\/en\/#website\",\"url\":\"https:\/\/albus.rs\/en\/\",\"name\":\"Albus\",\"description\":\"Tradition since 1871.\",\"publisher\":{\"@id\":\"https:\/\/albus.rs\/en\/#organization\"},\"potentialAction\":[{\"@type\":\"SearchAction\",\"target\":{\"@type\":\"EntryPoint\",\"urlTemplate\":\"https:\/\/albus.rs\/en\/?s={search_term_string}\"},\"query-input\":\"required name=search_term_string\"}],\"inLanguage\":\"en-US\"},{\"@type\":\"Organization\",\"@id\":\"https:\/\/albus.rs\/en\/#organization\",\"name\":\"Albus\",\"url\":\"https:\/\/albus.rs\/en\/\",\"logo\":{\"@type\":\"ImageObject\",\"inLanguage\":\"en-US\",\"@id\":\"https:\/\/albus.rs\/en\/#\/schema\/logo\/image\/\",\"url\":\"https:\/\/albus.rs\/wp-content\/uploads\/2020\/07\/Albus-logo-264x264-1.png\",\"contentUrl\":\"https:\/\/albus.rs\/wp-content\/uploads\/2020\/07\/Albus-logo-264x264-1.png\",\"width\":264,\"height\":264,\"caption\":\"Albus\"},\"image\":{\"@id\":\"https:\/\/albus.rs\/en\/#\/schema\/logo\/image\/\"},\"sameAs\":[\"https:\/\/www.facebook.com\/AlbusSrbija\/\",\"https:\/\/www.instagram.com\/albus_srbija\/\"]}]}<\/script>\n<!-- \/ Yoast SEO plugin. -->","yoast_head_json":{"title":"ALBUS AD POLICY ON COOKIES - Albus","robots":{"index":"index","follow":"follow","max-snippet":"max-snippet:-1","max-image-preview":"max-image-preview:large","max-video-preview":"max-video-preview:-1"},"canonical":"https:\/\/albus.rs\/en\/albus-ad-policy-on-cookies\/","og_locale":"en_US","og_type":"article","og_title":"ALBUS AD POLICY ON COOKIES - Albus","og_url":"https:\/\/albus.rs\/en\/albus-ad-policy-on-cookies\/","og_site_name":"Albus","article_publisher":"https:\/\/www.facebook.com\/AlbusSrbija\/","article_modified_time":"2021-03-14T13:15:25+00:00","twitter_card":"summary_large_image","twitter_misc":{"Est. reading time":"16 minutes"},"schema":{"@context":"https:\/\/schema.org","@graph":[{"@type":"WebPage","@id":"https:\/\/albus.rs\/en\/albus-ad-policy-on-cookies\/","url":"https:\/\/albus.rs\/en\/albus-ad-policy-on-cookies\/","name":"ALBUS AD POLICY ON COOKIES - Albus","isPartOf":{"@id":"https:\/\/albus.rs\/en\/#website"},"datePublished":"2021-03-14T13:13:44+00:00","dateModified":"2021-03-14T13:15:25+00:00","breadcrumb":{"@id":"https:\/\/albus.rs\/en\/albus-ad-policy-on-cookies\/#breadcrumb"},"inLanguage":"en-US","potentialAction":[{"@type":"ReadAction","target":["https:\/\/albus.rs\/en\/albus-ad-policy-on-cookies\/"]}]},{"@type":"BreadcrumbList","@id":"https:\/\/albus.rs\/en\/albus-ad-policy-on-cookies\/#breadcrumb","itemListElement":[{"@type":"ListItem","position":1,"name":"Home","item":"https:\/\/albus.rs\/en\/"},{"@type":"ListItem","position":2,"name":"ALBUS AD POLICY ON COOKIES"}]},{"@type":"WebSite","@id":"https:\/\/albus.rs\/en\/#website","url":"https:\/\/albus.rs\/en\/","name":"Albus","description":"Tradition since 1871.","publisher":{"@id":"https:\/\/albus.rs\/en\/#organization"},"potentialAction":[{"@type":"SearchAction","target":{"@type":"EntryPoint","urlTemplate":"https:\/\/albus.rs\/en\/?s={search_term_string}"},"query-input":"required name=search_term_string"}],"inLanguage":"en-US"},{"@type":"Organization","@id":"https:\/\/albus.rs\/en\/#organization","name":"Albus","url":"https:\/\/albus.rs\/en\/","logo":{"@type":"ImageObject","inLanguage":"en-US","@id":"https:\/\/albus.rs\/en\/#\/schema\/logo\/image\/","url":"https:\/\/albus.rs\/wp-content\/uploads\/2020\/07\/Albus-logo-264x264-1.png","contentUrl":"https:\/\/albus.rs\/wp-content\/uploads\/2020\/07\/Albus-logo-264x264-1.png","width":264,"height":264,"caption":"Albus"},"image":{"@id":"https:\/\/albus.rs\/en\/#\/schema\/logo\/image\/"},"sameAs":["https:\/\/www.facebook.com\/AlbusSrbija\/","https:\/\/www.instagram.com\/albus_srbija\/"]}]}},"_links":{"self":[{"href":"https:\/\/albus.rs\/en\/wp-json\/wp\/v2\/pages\/4371","targetHints":{"allow":["GET"]}}],"collection":[{"href":"https:\/\/albus.rs\/en\/wp-json\/wp\/v2\/pages"}],"about":[{"href":"https:\/\/albus.rs\/en\/wp-json\/wp\/v2\/types\/page"}],"author":[{"embeddable":true,"href":"https:\/\/albus.rs\/en\/wp-json\/wp\/v2\/users\/1"}],"replies":[{"embeddable":true,"href":"https:\/\/albus.rs\/en\/wp-json\/wp\/v2\/comments?post=4371"}],"version-history":[{"count":2,"href":"https:\/\/albus.rs\/en\/wp-json\/wp\/v2\/pages\/4371\/revisions"}],"predecessor-version":[{"id":4373,"href":"https:\/\/albus.rs\/en\/wp-json\/wp\/v2\/pages\/4371\/revisions\/4373"}],"wp:attachment":[{"href":"https:\/\/albus.rs\/en\/wp-json\/wp\/v2\/media?parent=4371"}],"curies":[{"name":"wp","href":"https:\/\/api.w.org\/{rel}","templated":true}]}}